{"id":302,"date":"2020-04-28T09:24:35","date_gmt":"2020-04-28T09:24:35","guid":{"rendered":"http:\/\/ika-polska.pl\/?page_id=302"},"modified":"2023-10-13T07:35:03","modified_gmt":"2023-10-13T07:35:03","slug":"m-t-2020","status":"publish","type":"page","link":"https:\/\/ika-polska.pl\/","title":{"rendered":"M-T-2020"},"content":{"rendered":"\n<p class=\"has-text-align-center\">Przeciwdzia\u0142aj\u0105c epidemii <strong>COVID-19<\/strong> oraz innym wirusowym zagro\u017ceniom epidemiologicznym,<br>w miejscach gdzie wymagana jest dezynfekcja r\u0105k (sklepy, urz\u0119dy, zak\u0142ady pracy, obiekty u\u017cyteczno\u015bci publicznej, strefy przemys\u0142owe itp.),<br>chcemy zaproponowa\u0107 Pa\u0144stwu:<\/p>\n\n\n\n<h3 class=\"wp-block-heading has-text-align-center\"><strong>DOZOWNIKI P\u0141YN\u00d3W<\/strong> <strong>ANTYWIRUSOWYCH<\/strong>,<br><strong>STEROWANE NO\u017bNIE<\/strong><br>typu <strong>M-T-2020<\/strong><br>  &#8211;<\/h3>\n\n\n\n<figure class=\"wp-block-gallery has-nested-images columns-default is-cropped wp-block-gallery-1 is-layout-flex wp-block-gallery-is-layout-flex\">\n<figure class=\"wp-block-image size-large\"><img loading=\"lazy\" decoding=\"async\" width=\"722\" height=\"1024\" data-id=\"303\" src=\"https:\/\/ika-polska.pl\/wp-content\/uploads\/2020\/04\/dozownik-722x1024.jpg\" alt=\"\" class=\"wp-image-303\" srcset=\"https:\/\/ika-polska.pl\/wp-content\/uploads\/2020\/04\/dozownik-722x1024.jpg 722w, https:\/\/ika-polska.pl\/wp-content\/uploads\/2020\/04\/dozownik-211x300.jpg 211w, https:\/\/ika-polska.pl\/wp-content\/uploads\/2020\/04\/dozownik-768x1090.jpg 768w, https:\/\/ika-polska.pl\/wp-content\/uploads\/2020\/04\/dozownik-1083x1536.jpg 1083w, https:\/\/ika-polska.pl\/wp-content\/uploads\/2020\/04\/dozownik-1444x2048.jpg 1444w, https:\/\/ika-polska.pl\/wp-content\/uploads\/2020\/04\/dozownik.jpg 1748w\" sizes=\"auto, (max-width: 722px) 100vw, 722px\" \/><figcaption class=\"wp-element-caption\">M-T-2020 S<\/figcaption><\/figure>\n\n\n\n<figure class=\"wp-block-image size-large\"><img loading=\"lazy\" decoding=\"async\" width=\"722\" height=\"1024\" data-id=\"304\" src=\"https:\/\/ika-polska.pl\/wp-content\/uploads\/2020\/04\/dozownik_mt2020c_broszura-722x1024.jpg\" alt=\"\" class=\"wp-image-304\" srcset=\"https:\/\/ika-polska.pl\/wp-content\/uploads\/2020\/04\/dozownik_mt2020c_broszura-722x1024.jpg 722w, https:\/\/ika-polska.pl\/wp-content\/uploads\/2020\/04\/dozownik_mt2020c_broszura-211x300.jpg 211w, https:\/\/ika-polska.pl\/wp-content\/uploads\/2020\/04\/dozownik_mt2020c_broszura-768x1090.jpg 768w, https:\/\/ika-polska.pl\/wp-content\/uploads\/2020\/04\/dozownik_mt2020c_broszura-1083x1536.jpg 1083w, https:\/\/ika-polska.pl\/wp-content\/uploads\/2020\/04\/dozownik_mt2020c_broszura-1444x2048.jpg 1444w, https:\/\/ika-polska.pl\/wp-content\/uploads\/2020\/04\/dozownik_mt2020c_broszura.jpg 1748w\" sizes=\"auto, (max-width: 722px) 100vw, 722px\" \/><figcaption class=\"wp-element-caption\">M-T-2020 C<\/figcaption><\/figure>\n<\/figure>\n\n\n\n<figure class=\"wp-block-table\"><table><tbody><tr><td class=\"has-text-align-center\" data-align=\"center\"><strong><span class=\"has-inline-color has-vivid-green-cyan-color\"><a href=\"http:\/\/ika-polska.pl\/index.php\/m-t-2020-s\/\">Czytaj wi\u0119cej &gt;<\/a><\/span><\/strong><\/td><td class=\"has-text-align-center\" data-align=\"center\"><strong><span class=\"has-inline-color has-vivid-green-cyan-color\"><a href=\"http:\/\/ika-polska.pl\/index.php\/m-t-2020c-2\">Czytaj wi\u0119cej &gt;<\/a><\/span><\/strong><\/td><\/tr><\/tbody><\/table><\/figure>\n\n\n\n<p class=\"has-text-align-center border\">Zastosowane autorskie rozwi\u0105zania konstrukcyjne \u2013 <strong>prawem chronione<\/strong>.<br>Znak towarowy <strong>M-T-2020<\/strong> \u2013 zastrze\u017cony.<br>Ochrona prawna:<br>Kancelaria Prawna<br><strong>Bogdan Klimaszewski<\/strong><br>02-034 Warszawa ul. Wawelska 78\/5<\/p>\n\n\n\n<p><\/p>\n","protected":false},"excerpt":{"rendered":"<p>Przeciwdzia\u0142aj\u0105c epidemii COVID-19 oraz innym wirusowym zagro\u017ceniom epidemiologicznym,w miejscach gdzie wymagana jest dezynfekcja r\u0105k (sklepy, urz\u0119dy, zak\u0142ady pracy, obiekty u\u017cyteczno\u015bci publicznej, strefy przemys\u0142owe itp.),chcemy zaproponowa\u0107 Pa\u0144stwu: DOZOWNIKI P\u0141YN\u00d3W ANTYWIRUSOWYCH,STEROWANE NO\u017bNIEtypu M-T-2020 &#8211; Czytaj wi\u0119cej &gt; Czytaj wi\u0119cej &gt; Zastosowane autorskie rozwi\u0105zania konstrukcyjne \u2013 prawem chronione.Znak towarowy M-T-2020 \u2013 zastrze\u017cony.Ochrona prawna:Kancelaria PrawnaBogdan Klimaszewski02-034 Warszawa ul. Wawelska 78\/5<\/p>\n","protected":false},"author":1,"featured_media":0,"parent":0,"menu_order":0,"comment_status":"closed","ping_status":"closed","template":"","meta":{"ngg_post_thumbnail":0,"footnotes":""},"class_list":["post-302","page","type-page","status-publish","hentry"],"_links":{"self":[{"href":"https:\/\/ika-polska.pl\/index.php\/wp-json\/wp\/v2\/pages\/302","targetHints":{"allow":["GET"]}}],"collection":[{"href":"https:\/\/ika-polska.pl\/index.php\/wp-json\/wp\/v2\/pages"}],"about":[{"href":"https:\/\/ika-polska.pl\/index.php\/wp-json\/wp\/v2\/types\/page"}],"author":[{"embeddable":true,"href":"https:\/\/ika-polska.pl\/index.php\/wp-json\/wp\/v2\/users\/1"}],"replies":[{"embeddable":true,"href":"https:\/\/ika-polska.pl\/index.php\/wp-json\/wp\/v2\/comments?post=302"}],"version-history":[{"count":22,"href":"https:\/\/ika-polska.pl\/index.php\/wp-json\/wp\/v2\/pages\/302\/revisions"}],"predecessor-version":[{"id":526,"href":"https:\/\/ika-polska.pl\/index.php\/wp-json\/wp\/v2\/pages\/302\/revisions\/526"}],"wp:attachment":[{"href":"https:\/\/ika-polska.pl\/index.php\/wp-json\/wp\/v2\/media?parent=302"}],"curies":[{"name":"wp","href":"https:\/\/api.w.org\/{rel}","templated":true}]}}