{"id":163,"date":"2020-04-04T09:51:48","date_gmt":"2020-04-04T09:51:48","guid":{"rendered":"http:\/\/ika-polska.pl\/?page_id=163"},"modified":"2020-04-04T09:51:50","modified_gmt":"2020-04-04T09:51:50","slug":"polityka-prywatnosci","status":"publish","type":"page","link":"https:\/\/ika-polska.pl\/index.php\/polityka-prywatnosci\/","title":{"rendered":"Polityka prywatno\u015bci"},"content":{"rendered":"\n<p>W celu wype\u0142nienia wymaga\u0144 wynikaj\u0105cych z art. 13 Rozporz\u0105dzenia Parlamentu Europejskiego i Rady (UE) 2016\/679 z dnia 27 kwietnia 2016 r. w sprawie ochrony os\u00f3b fizycznych w zwi\u0105zku z przetwarzaniem danych osobowych i w sprawie swobodnego przep\u0142ywu takich danych oraz uchylenia dyrektywy 95\/46\/WE (og\u00f3lne rozporz\u0105dzenie o ochronie danych) (Dz. Urz. UE L 119 z 4 maja 2016 r.), dalej: RODO, informujemy, i\u017c:<\/p>\n\n\n\n<p>1. Administratorem Pa\u0144stwa danych osobowych jest:<\/p>\n\n\n\n<p>IKA Iwona Ka\u0142wa<br>z siedzib\u0105: Cz\u0105stk\u00f3w Mazowiecki 7, 05-152 Czosn\u00f3w<br>Regon: 361912537<\/p>\n\n\n\n<p>2. We wszystkich sprawach zwi\u0105zanych z przetwarzaniem danych osobowych oraz korzystaniem z praw zwi\u0105zanych z ich przetwarzaniem mo\u017cna kontaktowa\u0107 si\u0119 z Administratorem w nast\u0119puj\u0105cy spos\u00f3b:<\/p>\n\n\n\n<p>a) Pisemnie pod adresem: IKA Iwona Ka\u0142wa, Cz\u0105stk\u00f3w Mazowiecki 7, 05-152 Czosn\u00f3w<br>b) Za po\u015brednictwem poczty elektronicznej: <a href=\"mailto:sprzedaz@ika-polska.pl\">sprzedaz@ika-polska.pl<\/a><\/p>\n\n\n\n<p>3. Pa\u0144stwa dane osobowe mog\u0105 by\u0107 gromadzone i przetwarzane przez Administratora w nast\u0119puj\u0105cych celach:<\/p>\n\n\n\n<p>a) prowadzenia bie\u017c\u0105cej dzia\u0142alno\u015bci gospodarczej oraz do ewentualnego ustalenia, dochodzenia lub obrony roszcze\u0144 z tytu\u0142u prowadzonej przez Administratora dzia\u0142alno\u015bci gospodarczej;<br>b) wykonania zawartej z Administratorem umowy;<br>c) wype\u0142nienia ci\u0105\u017c\u0105cych na Administratorze obowi\u0105zk\u00f3w prawnych, m.in.<br>\u2022 wystawianie faktur oraz innych dokument\u00f3w ksi\u0119gowych,<br>\u2022 obs\u0142ugi zg\u0142osze\u0144 reklamacyjnych,<br>\u2022 prowadzenie akt osobowych;<br>d) niezb\u0119dnych do cel\u00f3w wynikaj\u0105cych z prawnie uzasadnionych interes\u00f3w realizowanych przez Administratora;<br>e) realizacji proces\u00f3w rekrutacyjnych;<br>f) wynikaj\u0105cych z prawnie uzasadnionych interes\u00f3w realizowanych przez Administratora lub przez stron\u0119 trzeci\u0105, w tym w szczeg\u00f3lno\u015bci w celu budowania wizerunku Administratora, dba\u0142o\u015b\u0107 o dobro pracownik\u00f3w oraz realizacji cel\u00f3w marketingowych.<\/p>\n\n\n\n<p>4. Pa\u0144stwa dane osobowe b\u0119d\u0105 przetwarzane przez Administratora do czasu ustania okresu, na jaki zosta\u0142y powierzone lub wycofania zgody na ich przetwarzanie chyba, \u017ce przepisy szczeg\u00f3\u0142owe stanowi\u0105 inaczej.<\/p>\n\n\n\n<p>5. W zwi\u0105zku z przetwarzaniem Pa\u0144stwa danych osobowych przez Administratora, przys\u0142uguj\u0105 Pa\u0144stwu nast\u0119puj\u0105ce prawa:<\/p>\n\n\n\n<p>a) dost\u0119pu do danych osobowych na podstawie art. 15 RODO;<br>b) sprostowania danych osobowych na podstawie art. 16 RODO;<br>c) usuni\u0119cia danych osobowych na podstawie art. 17 RODO (chyba, \u017ce przepisy szczeg\u00f3lne stanowi\u0105 inaczej);<br>d) \u017c\u0105dania od Administratora ograniczenia przetwarzania danych osobowych na podstawie art. 18 RODO, z zastrze\u017ceniem przypadk\u00f3w, o kt\u00f3rych mowa w art. 18 ust. 2 RODO;<br>e) przenoszenia danych osobowych na podstawie art. 20 RODO;<br>f) wniesienia sprzeciwu na podstawie art. 21 RODO, wobec przetwarzania danych osobowych;<br>g) wniesienia skargi do Prezesa Urz\u0119du Ochrony Danych Osobowych, w przypadku uznania, \u017ce przetwarzanie Pa\u0144stwa danych osobowych narusza przepisy RODO;<\/p>\n\n\n\n<p>6. Odbiorcami Pa\u0144stwa danych osobowych mog\u0105 by\u0107 nast\u0119puj\u0105ce grupy podmiot\u00f3w:<\/p>\n\n\n\n<p>a) Podmioty upowa\u017cnione do ich otrzymania na podstawie odr\u0119bnych przepis\u00f3w (np. s\u0105dy i organy pa\u0144stwowe);<br>b) Biura informacji gospodarczej;<br>c) Po\u015brednicz\u0105ce w zawieraniu um\u00f3w;<br>d) \u015awiadcz\u0105ce us\u0142ugi, m.in.:<br>\u2022 z zakresu dor\u0119czania korespondencji i przesy\u0142ek;<br>\u2022 archiwizacyjne i drukarskie;<br>\u2022 informatyczne;<br>\u2022 finansowo-ksi\u0119gowe;<br>\u2022 prawne i windykacyjne;<br>\u2022 marketingowe;<br>\u2022 a tak\u017ce partnerzy, wsp\u00f3\u0142pracownicy i pracownicy Administratora<br>e) Nabywcy wierzytelno\u015bci.<\/p>\n\n\n\n<p>7. Pa\u0144stwa dane osobowe co do zasady nie b\u0119d\u0105 przekazywane przez Administratora do pa\u0144stw trzecich, jednak\u017ce mog\u0105 by\u0107 one przekazywane w przypadkach, gdy ze wzgl\u0119du na zakres obowi\u0105zk\u00f3w ich przekazywanie poza obszar EOG jest niezb\u0119dne w celu prawid\u0142owego wykonywania zawartej z Administratorem Umowy(art. 49 ust.1 RODO).<\/p>\n\n\n\n<p>8. Podanie danych osobowych ma charakter dobrowolny, jednak\u017ce brak zgody na ich przetwarzanie skutkowa\u0142 b\u0119dzie brakiem mo\u017cliwo\u015bci \u015bwiadczenia us\u0142ug na Pa\u0144stwa rzecz.<\/p>\n","protected":false},"excerpt":{"rendered":"<p>W celu wype\u0142nienia wymaga\u0144 wynikaj\u0105cych z art. 13 Rozporz\u0105dzenia Parlamentu Europejskiego i Rady (UE) 2016\/679 z dnia 27 kwietnia 2016 r. w sprawie ochrony os\u00f3b fizycznych w zwi\u0105zku z przetwarzaniem danych osobowych i w sprawie swobodnego przep\u0142ywu takich danych oraz uchylenia dyrektywy 95\/46\/WE (og\u00f3lne rozporz\u0105dzenie o ochronie danych) (Dz. Urz. UE L 119 z 4 maja 2016 r.), dalej: RODO, informujemy, i\u017c: 1. Administratorem Pa\u0144stwa danych osobowych jest: IKA Iwona<\/p>\n<div class=\"read-more\"><a class=\"btn read-more-btn\" href=\"https:\/\/ika-polska.pl\/index.php\/polityka-prywatnosci\/\">Read More<\/a><\/div>\n","protected":false},"author":1,"featured_media":0,"parent":0,"menu_order":0,"comment_status":"closed","ping_status":"closed","template":"","meta":{"ngg_post_thumbnail":0,"footnotes":""},"class_list":["post-163","page","type-page","status-publish","hentry"],"_links":{"self":[{"href":"https:\/\/ika-polska.pl\/index.php\/wp-json\/wp\/v2\/pages\/163","targetHints":{"allow":["GET"]}}],"collection":[{"href":"https:\/\/ika-polska.pl\/index.php\/wp-json\/wp\/v2\/pages"}],"about":[{"href":"https:\/\/ika-polska.pl\/index.php\/wp-json\/wp\/v2\/types\/page"}],"author":[{"embeddable":true,"href":"https:\/\/ika-polska.pl\/index.php\/wp-json\/wp\/v2\/users\/1"}],"replies":[{"embeddable":true,"href":"https:\/\/ika-polska.pl\/index.php\/wp-json\/wp\/v2\/comments?post=163"}],"version-history":[{"count":1,"href":"https:\/\/ika-polska.pl\/index.php\/wp-json\/wp\/v2\/pages\/163\/revisions"}],"predecessor-version":[{"id":164,"href":"https:\/\/ika-polska.pl\/index.php\/wp-json\/wp\/v2\/pages\/163\/revisions\/164"}],"wp:attachment":[{"href":"https:\/\/ika-polska.pl\/index.php\/wp-json\/wp\/v2\/media?parent=163"}],"curies":[{"name":"wp","href":"https:\/\/api.w.org\/{rel}","templated":true}]}}